{"id":3206,"date":"2025-03-19T11:04:05","date_gmt":"2025-03-19T11:04:05","guid":{"rendered":"https:\/\/rutasmedellin.com\/?post_type=product&#038;p=3206"},"modified":"2025-05-06T17:07:02","modified_gmt":"2025-05-06T17:07:02","slug":"tour-graffiti-tour-comuna-13","status":"publish","type":"product","link":"https:\/\/rutasmedellin.com\/en\/producto\/tour-graffiti-tour-comuna-13\/","title":{"rendered":"Tour Comuna 13, Ritmo, Color y Resiliencia"},"content":{"rendered":"<style>\n    @import url('https:\/\/fonts.googleapis.com\/css2?family=Nunito+Sans:wght@300;400;600&display=swap');\n    body {\n        font-family: 'Nunito Sans', sans-serif;\n        margin: 0;\n        padding: 0;\n        background-color: #f4f4f4;\n    }\n    .title-column {\n        text-align: center;\n        font-size: 2em;\n        color: #004953;\n        margin-bottom: 10px;\n    }\n    .container {\n        display: flex;\n        flex-wrap: wrap;\n        justify-content: space-between;\n        gap: 20px;\n        padding: 20px;\n    }\n    .column {\n        flex: 1 1 calc(25% - 20px);\n        background: white;\n        padding: 15px;\n        text-align: center;\n        box-shadow: 0px 4px 6px rgba(0, 0, 0, 0.1);\n        border-radius: 8px;\n        position: relative;\n    }\n    .img-container {\n        width: 100%;\n        aspect-ratio: 1 \/ 1;\n        overflow: hidden;\n        border-radius: 8px;\n    }\n    .img-container img {\n        width: 100%;\n        height: 100%;\n        object-fit: cover;\n    }\n    .column h2 {\n        font-size: 1.5em;\n        margin: 15px 0;\n        color: #457e82;\n    }\n    .column p {\n        font-size: 1em;\n        color: #555;\n        line-height: 1.5;\n    }\n    a {\n        color: #457e82;\n        text-decoration: none;\n    }\n    a:hover {\n        text-decoration: underline;\n    }\n    .button-container {\n        text-align: center;\n        margin-top: 20px;\n    }\n    .info-button {\n        background-color: #004953;\n        color: #fff;\n        padding: 10px 20px;\n        border-radius: 5px;\n        text-decoration: none;\n        font-weight: bold;\n        display: inline-block;\n    }\n    .info-button:hover {\n        background-color: #003d42;\n    }\n    @media (max-width: 768px) {\n        .column {\n            flex: 1 1 calc(50% - 20px);\n        }\n    }\n    @media (max-width: 480px) {\n        .column {\n            flex: 1 1 100%;\n        }\n    }\n<\/style>\n<h1 class=\"title-column\">LO QUE VIVIR\u00c1S EN EL TOUR GRAFFITI TOUR COMUNA 13<\/h1>\n<div class=\"container\">\n<div class=\"column columna-1\">\n<div class=\"img-container\"><img decoding=\"async\" src=\"https:\/\/rutasmedellin.com\/wp-content\/uploads\/2025\/03\/tour-comuna-13.webp\" \/><\/div>\n<h2>Primera parada: Bienvenida a la Comuna 13<\/h2>\n<p>El recorrido comienza con una introducci\u00f3n a la historia de la Comuna 13, un lugar que pas\u00f3 de ser una zona de conflicto a un s\u00edmbolo de transformaci\u00f3n y esperanza. Conocer\u00e1s su historia a trav\u00e9s del arte y las historias de sus habitantes.<\/p>\n<\/div>\n<div class=\"column columna-2\">\n<div class=\"img-container\"><img decoding=\"async\" src=\"https:\/\/rutasmedellin.com\/wp-content\/uploads\/2025\/03\/20240220_131749-scaled.jpg\" \/><\/div>\n<h2>Arte urbano y murales ic\u00f3nicos<\/h2>\n<p>Te sorprender\u00e1s con los coloridos murales que cubren las paredes de la Comuna 13, que cuentan historias de lucha, esperanza y renacimiento. Este es un espacio donde el arte es el lenguaje de la comunidad.<\/p>\n<\/div>\n<div class=\"column columna-3\">\n<div class=\"img-container\"><img decoding=\"async\" src=\"https:\/\/rutasmedellin.com\/wp-content\/uploads\/2025\/03\/comuna-13_principal.jpg\" \/><\/div>\n<h2>Conociendo la cultura local<\/h2>\n<p>Adem\u00e1s del arte, este tour te llevar\u00e1 a conocer las costumbres y tradiciones de los habitantes de la Comuna 13, quienes te compartir\u00e1n sus historias y vivencias. Un recorrido lleno de emociones y aprendizajes.<\/p>\n<\/div>\n<div class=\"column columna-4\">\n<div class=\"img-container\"><img decoding=\"async\" src=\"https:\/\/rutasmedellin.com\/wp-content\/uploads\/2023\/04\/20220413_115928-scaled.jpg\" \/><\/div>\n<h2>\u00bfEst\u00e1s listo para descubrir el verdadero Graffiti Tour Comuna 13 ?<\/h2>\n<p>Este tour te ofrece una experiencia aut\u00e9ntica, conectando con el alma de Medell\u00edn. No solo ver\u00e1s el arte, sino que vivir\u00e1s la transformaci\u00f3n de la comunidad de la Comuna 13, un lugar lleno de historia, cultura y vida.<\/p>\n<\/div>\n<\/div>\n<div class=\"button-container\"><a class=\"info-button\" href=\"https:\/\/wa.me\/573116360737\" target=\"_blank\" rel=\"noopener\">M\u00e1s Informaci\u00f3n<\/a><\/div>\n","protected":false},"excerpt":{"rendered":"<p>Durante el recorrido del Tour Graffiti Tour + Comuna 13 Medell\u00edn, te contaremos la historia y el significado de cada obra de arte, y conocer\u00e1s a los artistas detr\u00e1s de ellas. Adem\u00e1s, podr\u00e1s tomar fotos \u00fanicas y divertidas en los murales y grafitis m\u00e1s emblem\u00e1ticos.<\/p>\n","protected":false},"featured_media":2705,"comment_status":"open","ping_status":"closed","template":"","meta":{"_uag_custom_page_level_css":"","site-sidebar-layout":"default","site-content-layout":"","ast-site-content-layout":"default","site-content-style":"default","site-sidebar-style":"default","ast-global-header-display":"","ast-banner-title-visibility":"","ast-main-header-display":"","ast-hfb-above-header-display":"","ast-hfb-below-header-display":"","ast-hfb-mobile-header-display":"","site-post-title":"","ast-breadcrumbs-content":"","ast-featured-img":"","footer-sml-layout":"","ast-disable-related-posts":"","theme-transparent-header-meta":"default","adv-header-id-meta":"","stick-header-meta":"","header-above-stick-meta":"","header-main-stick-meta":"","header-below-stick-meta":"","astra-migrate-meta-layouts":"set","ast-page-background-enabled":"default","ast-page-background-meta":{"desktop":{"background-color":"","background-image":"","background-repeat":"repeat","background-position":"center center","background-size":"auto","background-attachment":"scroll","background-type":"","background-media":"","overlay-type":"","overlay-color":"","overlay-opacity":"","overlay-gradient":""},"tablet":{"background-color":"","background-image":"","background-repeat":"repeat","background-position":"center center","background-size":"auto","background-attachment":"scroll","background-type":"","background-media":"","overlay-type":"","overlay-color":"","overlay-opacity":"","overlay-gradient":""},"mobile":{"background-color":"","background-image":"","background-repeat":"repeat","background-position":"center center","background-size":"auto","background-attachment":"scroll","background-type":"","background-media":"","overlay-type":"","overlay-color":"","overlay-opacity":"","overlay-gradient":""}},"ast-content-background-meta":{"desktop":{"background-color":"var(--ast-global-color-5)","background-image":"","background-repeat":"repeat","background-position":"center center","background-size":"auto","background-attachment":"scroll","background-type":"","background-media":"","overlay-type":"","overlay-color":"","overlay-opacity":"","overlay-gradient":""},"tablet":{"background-color":"var(--ast-global-color-5)","background-image":"","background-repeat":"repeat","background-position":"center center","background-size":"auto","background-attachment":"scroll","background-type":"","background-media":"","overlay-type":"","overlay-color":"","overlay-opacity":"","overlay-gradient":""},"mobile":{"background-color":"var(--ast-global-color-5)","background-image":"","background-repeat":"repeat","background-position":"center center","background-size":"auto","background-attachment":"scroll","background-type":"","background-media":"","overlay-type":"","overlay-color":"","overlay-opacity":"","overlay-gradient":""}}},"product_brand":[],"product_cat":[80],"product_tag":[],"class_list":{"0":"post-3206","1":"product","2":"type-product","3":"status-publish","4":"has-post-thumbnail","6":"product_cat-medellin-compartidos","7":"desktop-align-left","8":"tablet-align-left","9":"mobile-align-left","11":"first","12":"instock","13":"shipping-taxable","14":"purchasable","15":"product-type-simple"},"uagb_featured_image_src":{"full":["https:\/\/rutasmedellin.com\/wp-content\/uploads\/2025\/03\/comuna-13_principal.jpg",1200,1600,false],"thumbnail":["https:\/\/rutasmedellin.com\/wp-content\/uploads\/2025\/03\/comuna-13_principal-150x150.jpg",150,150,true],"medium":["https:\/\/rutasmedellin.com\/wp-content\/uploads\/2025\/03\/comuna-13_principal-225x300.jpg",225,300,true],"medium_large":["https:\/\/rutasmedellin.com\/wp-content\/uploads\/2025\/03\/comuna-13_principal-768x1024.jpg",768,1024,true],"large":["https:\/\/rutasmedellin.com\/wp-content\/uploads\/2025\/03\/comuna-13_principal-768x1024.jpg",768,1024,true],"1536x1536":["https:\/\/rutasmedellin.com\/wp-content\/uploads\/2025\/03\/comuna-13_principal-1152x1536.jpg",1152,1536,true],"2048x2048":["https:\/\/rutasmedellin.com\/wp-content\/uploads\/2025\/03\/comuna-13_principal.jpg",1200,1600,false],"woocommerce_thumbnail":["https:\/\/rutasmedellin.com\/wp-content\/uploads\/2025\/03\/comuna-13_principal-300x300.jpg",300,300,true],"woocommerce_single":["https:\/\/rutasmedellin.com\/wp-content\/uploads\/2025\/03\/comuna-13_principal-600x800.jpg",600,800,true],"woocommerce_gallery_thumbnail":["https:\/\/rutasmedellin.com\/wp-content\/uploads\/2025\/03\/comuna-13_principal-100x100.jpg",100,100,true]},"uagb_author_info":{"display_name":"Miguel Montoya","author_link":"https:\/\/rutasmedellin.com\/en\/author\/"},"uagb_comment_info":0,"uagb_excerpt":"Durante el recorrido del Tour Graffiti Tour + Comuna 13 Medell\u00edn, te contaremos la historia y el significado de cada obra de arte, y conocer\u00e1s a los artistas detr\u00e1s de ellas. Adem\u00e1s, podr\u00e1s tomar fotos \u00fanicas y divertidas en los murales y grafitis m\u00e1s emblem\u00e1ticos.","_links":{"self":[{"href":"https:\/\/rutasmedellin.com\/en\/wp-json\/wp\/v2\/product\/3206","targetHints":{"allow":["GET"]}}],"collection":[{"href":"https:\/\/rutasmedellin.com\/en\/wp-json\/wp\/v2\/product"}],"about":[{"href":"https:\/\/rutasmedellin.com\/en\/wp-json\/wp\/v2\/types\/product"}],"replies":[{"embeddable":true,"href":"https:\/\/rutasmedellin.com\/en\/wp-json\/wp\/v2\/comments?post=3206"}],"wp:featuredmedia":[{"embeddable":true,"href":"https:\/\/rutasmedellin.com\/en\/wp-json\/wp\/v2\/media\/2705"}],"wp:attachment":[{"href":"https:\/\/rutasmedellin.com\/en\/wp-json\/wp\/v2\/media?parent=3206"}],"wp:term":[{"taxonomy":"product_brand","embeddable":true,"href":"https:\/\/rutasmedellin.com\/en\/wp-json\/wp\/v2\/product_brand?post=3206"},{"taxonomy":"product_cat","embeddable":true,"href":"https:\/\/rutasmedellin.com\/en\/wp-json\/wp\/v2\/product_cat?post=3206"},{"taxonomy":"product_tag","embeddable":true,"href":"https:\/\/rutasmedellin.com\/en\/wp-json\/wp\/v2\/product_tag?post=3206"}],"curies":[{"name":"wp","href":"https:\/\/api.w.org\/{rel}","templated":true}]}}