{"id":3334,"date":"2025-03-25T04:39:11","date_gmt":"2025-03-25T04:39:11","guid":{"rendered":"https:\/\/rutasmedellin.com\/?post_type=product&#038;p=3334"},"modified":"2025-05-06T06:06:43","modified_gmt":"2025-05-06T06:06:43","slug":"tour-entre-hilos","status":"publish","type":"product","link":"https:\/\/rutasmedellin.com\/en\/producto\/tour-entre-hilos\/","title":{"rendered":"Tour Entre Hilos"},"content":{"rendered":"<style>\n    @import url('https:\/\/fonts.googleapis.com\/css2?family=Nunito+Sans:wght@300;400;600&display=swap');\n    body {\n        font-family: 'Nunito Sans', sans-serif;\n        margin: 0;\n        padding: 0;\n        background-color: #f4f4f4;\n    }\n    .title-column {\n        text-align: center;\n    }\n    .container {\n        display: flex;\n        flex-wrap: wrap;\n        justify-content: space-between;\n        gap: 20px;\n        padding: 20px;\n    }\n    .column {\n        flex: 1 1 calc(25% - 20px);\n        background: white;\n        padding: 15px;\n        text-align: center;\n        box-shadow: 0px 4px 6px rgba(0, 0, 0, 0.1);\n        border-radius: 8px;\n        position: relative;\n    }\n    .img-container {\n        width: 100%;\n        aspect-ratio: 1 \/ 1;\n        overflow: hidden;\n        border-radius: 8px;\n    }\n    .img-container img {\n        width: 100%;\n        height: 100%;\n        object-fit: cover;\n    }\n    .column h2 {\n        font-size: 1.5em;\n        margin: 15px 0;\n    }\n    .column p {\n        font-size: 1em;\n        color: #555;\n        line-height: 1.5;\n    }\n    a {\n        color: #457e82;\n        text-decoration: none;\n    }\n    a:hover {\n        text-decoration: underline;\n    }\n    .button-container {\n        text-align: center;\n        margin-top: 20px;\n    }\n    .info-button {\n        background-color: #004953;\n        color: #fff;\n        padding: 10px 20px;\n        border-radius: 5px;\n        text-decoration: none;\n        font-weight: bold;\n        display: inline-block;\n    }\n    .info-button:hover {\n        background-color: #003d42;\n    }\n    @media (max-width: 768px) {\n        .column {\n            flex: 1 1 calc(50% - 20px);\n        }\n    }\n    @media (max-width: 480px) {\n        .column {\n            flex: 1 1 100%;\n        }\n    }\n<\/style>\n<h2 class=\"title-column\">LO QUE VIVIR\u00c1S EN EL TOUR ENTRE HILOS<\/h2>\n<div class=\"container\">\n<div class=\"column columna-1\">\n<div class=\"img-container\">\n            <img decoding=\"async\" src=\"https:\/\/rutasmedellin.com\/wp-content\/uploads\/2025\/03\/Entre-hilos.jpg\" \/>\n        <\/div>\n<h2>Descubre el arte textil ancestral<\/h2>\n<p>        Conocer\u00e1s las t\u00e9cnicas de tejido utilizadas por generaciones, explorando el significado cultural detr\u00e1s de cada hilo y patr\u00f3n.\n    <\/p><\/div>\n<div class=\"column columna-2\">\n<div class=\"img-container\">\n            <img decoding=\"async\" src=\"https:\/\/rutasmedellin.com\/wp-content\/uploads\/2025\/03\/entrehilos2.jpg\" \/>\n        <\/div>\n<h2>Participa en una demostraci\u00f3n de tejido<\/h2>\n<p>        Aprende de artesanos locales mientras demuestran c\u00f3mo crean piezas \u00fanicas con sus manos expertas y su creatividad.\n    <\/p><\/div>\n<div class=\"column columna-3\">\n<div class=\"img-container\">\n            <img decoding=\"async\" src=\"https:\/\/rutasmedellin.com\/wp-content\/uploads\/2025\/03\/entrehilos4.jpg\" \/>\n        <\/div>\n<h2>Conexi\u00f3n con la cultura<\/h2>\n<p>         Sum\u00e9rgete en las historias de los artesanos y descubre c\u00f3mo sus tradiciones siguen vivas, transmiti\u00e9ndose de generaci\u00f3n en generaci\u00f3n.\n    <\/p><\/div>\n<div class=\"column columna-4\">\n<div class=\"img-container\">\n            <img decoding=\"async\" src=\"https:\/\/rutasmedellin.com\/wp-content\/uploads\/2025\/03\/entrehilos5.webp\" \/>\n        <\/div>\n<h2>\u00a1Vive la experiencia Entre Hilos!<\/h2>\n<p>      \u00danete a este recorrido que entrelaza arte, cultura y tradici\u00f3n, y lleva contigo una parte de esta experiencia \u00fanica e inspiradora.\n    <\/p><\/div>\n<\/div>\n<div class=\"button-container\">\n    <a class=\"info-button\" href=\"https:\/\/wa.me\/573116360737\" target=\"_blank\" rel=\"noopener\">M\u00e1s Informaci\u00f3n<\/a>\n<\/div>\n","protected":false},"excerpt":{"rendered":"<p>Vive La industria textil de Medell\u00edn fusiona tradici\u00f3n e innovaci\u00f3n, reflejando la identidad cultural a trav\u00e9s de artesan\u00edas \u00fanicas en nuestro Tour Entre Hilos.<\/p>\n","protected":false},"featured_media":3179,"comment_status":"closed","ping_status":"closed","template":"","meta":{"_uag_custom_page_level_css":"","site-sidebar-layout":"default","site-content-layout":"","ast-site-content-layout":"default","site-content-style":"default","site-sidebar-style":"default","ast-global-header-display":"","ast-banner-title-visibility":"","ast-main-header-display":"","ast-hfb-above-header-display":"","ast-hfb-below-header-display":"","ast-hfb-mobile-header-display":"","site-post-title":"","ast-breadcrumbs-content":"","ast-featured-img":"","footer-sml-layout":"","ast-disable-related-posts":"","theme-transparent-header-meta":"default","adv-header-id-meta":"","stick-header-meta":"","header-above-stick-meta":"","header-main-stick-meta":"","header-below-stick-meta":"","astra-migrate-meta-layouts":"set","ast-page-background-enabled":"default","ast-page-background-meta":{"desktop":{"background-color":"","background-image":"","background-repeat":"repeat","background-position":"center center","background-size":"auto","background-attachment":"scroll","background-type":"","background-media":"","overlay-type":"","overlay-color":"","overlay-opacity":"","overlay-gradient":""},"tablet":{"background-color":"","background-image":"","background-repeat":"repeat","background-position":"center center","background-size":"auto","background-attachment":"scroll","background-type":"","background-media":"","overlay-type":"","overlay-color":"","overlay-opacity":"","overlay-gradient":""},"mobile":{"background-color":"","background-image":"","background-repeat":"repeat","background-position":"center center","background-size":"auto","background-attachment":"scroll","background-type":"","background-media":"","overlay-type":"","overlay-color":"","overlay-opacity":"","overlay-gradient":""}},"ast-content-background-meta":{"desktop":{"background-color":"var(--ast-global-color-5)","background-image":"","background-repeat":"repeat","background-position":"center center","background-size":"auto","background-attachment":"scroll","background-type":"","background-media":"","overlay-type":"","overlay-color":"","overlay-opacity":"","overlay-gradient":""},"tablet":{"background-color":"var(--ast-global-color-5)","background-image":"","background-repeat":"repeat","background-position":"center center","background-size":"auto","background-attachment":"scroll","background-type":"","background-media":"","overlay-type":"","overlay-color":"","overlay-opacity":"","overlay-gradient":""},"mobile":{"background-color":"var(--ast-global-color-5)","background-image":"","background-repeat":"repeat","background-position":"center center","background-size":"auto","background-attachment":"scroll","background-type":"","background-media":"","overlay-type":"","overlay-color":"","overlay-opacity":"","overlay-gradient":""}}},"product_brand":[],"product_cat":[80],"product_tag":[],"class_list":{"0":"post-3334","1":"product","2":"type-product","3":"status-publish","4":"has-post-thumbnail","6":"product_cat-medellin-compartidos","7":"desktop-align-left","8":"tablet-align-left","9":"mobile-align-left","11":"first","12":"instock","13":"shipping-taxable","14":"purchasable","15":"product-type-simple"},"uagb_featured_image_src":{"full":["https:\/\/rutasmedellin.com\/wp-content\/uploads\/2025\/03\/Entre-hilos.jpg",690,447,false],"thumbnail":["https:\/\/rutasmedellin.com\/wp-content\/uploads\/2025\/03\/Entre-hilos-150x150.jpg",150,150,true],"medium":["https:\/\/rutasmedellin.com\/wp-content\/uploads\/2025\/03\/Entre-hilos-300x194.jpg",300,194,true],"medium_large":["https:\/\/rutasmedellin.com\/wp-content\/uploads\/2025\/03\/Entre-hilos.jpg",690,447,false],"large":["https:\/\/rutasmedellin.com\/wp-content\/uploads\/2025\/03\/Entre-hilos.jpg",690,447,false],"1536x1536":["https:\/\/rutasmedellin.com\/wp-content\/uploads\/2025\/03\/Entre-hilos.jpg",690,447,false],"2048x2048":["https:\/\/rutasmedellin.com\/wp-content\/uploads\/2025\/03\/Entre-hilos.jpg",690,447,false],"woocommerce_thumbnail":["https:\/\/rutasmedellin.com\/wp-content\/uploads\/2025\/03\/Entre-hilos-300x300.jpg",300,300,true],"woocommerce_single":["https:\/\/rutasmedellin.com\/wp-content\/uploads\/2025\/03\/Entre-hilos-600x389.jpg",600,389,true],"woocommerce_gallery_thumbnail":["https:\/\/rutasmedellin.com\/wp-content\/uploads\/2025\/03\/Entre-hilos-100x100.jpg",100,100,true]},"uagb_author_info":{"display_name":"Miguel Montoya","author_link":"https:\/\/rutasmedellin.com\/en\/author\/"},"uagb_comment_info":0,"uagb_excerpt":"Vive La industria textil de Medell\u00edn fusiona tradici\u00f3n e innovaci\u00f3n, reflejando la identidad cultural a trav\u00e9s de artesan\u00edas \u00fanicas en nuestro Tour Entre Hilos.","_links":{"self":[{"href":"https:\/\/rutasmedellin.com\/en\/wp-json\/wp\/v2\/product\/3334","targetHints":{"allow":["GET"]}}],"collection":[{"href":"https:\/\/rutasmedellin.com\/en\/wp-json\/wp\/v2\/product"}],"about":[{"href":"https:\/\/rutasmedellin.com\/en\/wp-json\/wp\/v2\/types\/product"}],"replies":[{"embeddable":true,"href":"https:\/\/rutasmedellin.com\/en\/wp-json\/wp\/v2\/comments?post=3334"}],"wp:featuredmedia":[{"embeddable":true,"href":"https:\/\/rutasmedellin.com\/en\/wp-json\/wp\/v2\/media\/3179"}],"wp:attachment":[{"href":"https:\/\/rutasmedellin.com\/en\/wp-json\/wp\/v2\/media?parent=3334"}],"wp:term":[{"taxonomy":"product_brand","embeddable":true,"href":"https:\/\/rutasmedellin.com\/en\/wp-json\/wp\/v2\/product_brand?post=3334"},{"taxonomy":"product_cat","embeddable":true,"href":"https:\/\/rutasmedellin.com\/en\/wp-json\/wp\/v2\/product_cat?post=3334"},{"taxonomy":"product_tag","embeddable":true,"href":"https:\/\/rutasmedellin.com\/en\/wp-json\/wp\/v2\/product_tag?post=3334"}],"curies":[{"name":"wp","href":"https:\/\/api.w.org\/{rel}","templated":true}]}}