{"id":3335,"date":"2025-03-25T04:15:16","date_gmt":"2025-03-25T04:15:16","guid":{"rendered":"https:\/\/rutasmedellin.com\/?post_type=product&#038;p=3335"},"modified":"2025-05-06T17:07:08","modified_gmt":"2025-05-06T17:07:08","slug":"tour-del-cafe-finca-corazon-de-leon","status":"publish","type":"product","link":"https:\/\/rutasmedellin.com\/en\/producto\/tour-del-cafe-finca-corazon-de-leon\/","title":{"rendered":"Tour del caf\u00e9 Finca Coraz\u00f3n de Le\u00f3n"},"content":{"rendered":"<style>\n    @import url('https:\/\/fonts.googleapis.com\/css2?family=Nunito+Sans:wght@300;400;600&display=swap');\n    body {\n        font-family: 'Nunito Sans', sans-serif;\n        margin: 0;\n        padding: 0;\n        background-color: #f4f4f4;\n    }\n    .title-column {\n        text-align: center;\n        font-size: 2em;\n        color: #004953;\n        margin-bottom: 10px;\n    }\n    .container {\n        display: flex;\n        flex-wrap: wrap;\n        justify-content: space-between;\n        gap: 20px;\n        padding: 20px;\n    }\n    .column {\n        flex: 1 1 calc(25% - 20px);\n        background: white;\n        padding: 15px;\n        text-align: center;\n        box-shadow: 0px 4px 6px rgba(0, 0, 0, 0.1);\n        border-radius: 8px;\n        position: relative;\n    }\n    .img-container {\n        width: 100%;\n        aspect-ratio: 1 \/ 1;\n        overflow: hidden;\n        border-radius: 8px;\n    }\n    .img-container img {\n        width: 100%;\n        height: 100%;\n        object-fit: cover;\n    }\n    .column h2 {\n        font-size: 1.5em;\n        margin: 15px 0;\n        color: #457e82;\n    }\n    .column p {\n        font-size: 1em;\n        color: #555;\n        line-height: 1.5;\n    }\n    a {\n        color: #457e82;\n        text-decoration: none;\n    }\n    a:hover {\n        text-decoration: underline;\n    }\n    .button-container {\n        text-align: center;\n        margin-top: 20px;\n    }\n    .info-button {\n        background-color: #004953;\n        color: #fff;\n        padding: 10px 20px;\n        border-radius: 5px;\n        text-decoration: none;\n        font-weight: bold;\n        display: inline-block;\n    }\n    .info-button:hover {\n        background-color: #003d42;\n    }\n    @media (max-width: 768px) {\n        .column {\n            flex: 1 1 calc(50% - 20px);\n        }\n    }\n    @media (max-width: 480px) {\n        .column {\n            flex: 1 1 100%;\n        }\n    }\n<\/style>\n<h1 class=\"title-column\">LO QUE VIVIR\u00c1S EN EL TOUR HACIENDA CAFETERA<\/h1>\n<div class=\"container\">\n<div class=\"column columna-1\">\n<div class=\"img-container\"><img decoding=\"async\" src=\"https:\/\/rutasmedellin.com\/wp-content\/uploads\/2025\/03\/Cafetera_CDL-3.jpeg\" \/><\/div>\n<h2>Recorrido por la Hacienda Cafetera<\/h2>\n<p>En este tour, conocer\u00e1s la historia y el proceso del caf\u00e9 colombiano en una tradicional hacienda cafetera. Una experiencia aut\u00e9ntica y \u00fanica.<\/p>\n<\/div>\n<div class=\"column columna-2\">\n<div class=\"img-container\"><img decoding=\"async\" src=\"https:\/\/rutasmedellin.com\/wp-content\/uploads\/2025\/03\/Cafetera_CDL-2.jpeg\" \/><\/div>\n<h2>El Proceso del Caf\u00e9<\/h2>\n<p>Te sumergir\u00e1s en el proceso de cultivo y producci\u00f3n del caf\u00e9, desde la siembra hasta la taza, con una visita guiada por expertos.<\/p>\n<\/div>\n<div class=\"column columna-3\">\n<div class=\"img-container\"><img decoding=\"async\" src=\"https:\/\/rutasmedellin.com\/wp-content\/uploads\/2025\/03\/Cafetera_CDL-4.jpeg\" \/><\/div>\n<h2>Degustaci\u00f3n de Caf\u00e9<\/h2>\n<p>Al final del recorrido, disfrutar\u00e1s de una exclusiva degustaci\u00f3n de caf\u00e9, donde podr\u00e1s probar diferentes variedades de este delicioso grano.<\/p>\n<\/div>\n<div class=\"column columna-4\">\n<div class=\"img-container\"><img decoding=\"async\" src=\"https:\/\/rutasmedellin.com\/wp-content\/uploads\/2023\/05\/pexels-mali-maeder-92354-scaled.jpg\" \/><\/div>\n<h2>\u00a1Ven a vivir el Tour Hacienda cafetera!<\/h2>\n<p>\u00danete a nosotros en este fascinante viaje al coraz\u00f3n de la regi\u00f3n cafetera y descubre lo que hace \u00fanico al caf\u00e9 colombiano. \u00a1No te lo puedes perder!<\/p>\n<\/div>\n<\/div>\n<div class=\"button-container\"><a class=\"info-button\" href=\"https:\/\/wa.me\/573116360737\" target=\"_blank\" rel=\"noopener\">M\u00e1s Informaci\u00f3n<\/a><\/div>\n","protected":false},"excerpt":{"rendered":"<p>Disfruta de un tour por la historia del caf\u00e9 colombiano, El tour Hacienda Cafetera inicia recorriendo plantaciones, participando en la recolecci\u00f3n y aprendiendo sobre el proceso de transformaci\u00f3n del grano.<\/p>\n","protected":false},"featured_media":3352,"comment_status":"closed","ping_status":"closed","template":"","meta":{"_uag_custom_page_level_css":"","site-sidebar-layout":"default","site-content-layout":"","ast-site-content-layout":"default","site-content-style":"default","site-sidebar-style":"default","ast-global-header-display":"","ast-banner-title-visibility":"","ast-main-header-display":"","ast-hfb-above-header-display":"","ast-hfb-below-header-display":"","ast-hfb-mobile-header-display":"","site-post-title":"","ast-breadcrumbs-content":"","ast-featured-img":"","footer-sml-layout":"","ast-disable-related-posts":"","theme-transparent-header-meta":"default","adv-header-id-meta":"","stick-header-meta":"","header-above-stick-meta":"","header-main-stick-meta":"","header-below-stick-meta":"","astra-migrate-meta-layouts":"set","ast-page-background-enabled":"default","ast-page-background-meta":{"desktop":{"background-color":"","background-image":"","background-repeat":"repeat","background-position":"center center","background-size":"auto","background-attachment":"scroll","background-type":"","background-media":"","overlay-type":"","overlay-color":"","overlay-opacity":"","overlay-gradient":""},"tablet":{"background-color":"","background-image":"","background-repeat":"repeat","background-position":"center center","background-size":"auto","background-attachment":"scroll","background-type":"","background-media":"","overlay-type":"","overlay-color":"","overlay-opacity":"","overlay-gradient":""},"mobile":{"background-color":"","background-image":"","background-repeat":"repeat","background-position":"center center","background-size":"auto","background-attachment":"scroll","background-type":"","background-media":"","overlay-type":"","overlay-color":"","overlay-opacity":"","overlay-gradient":""}},"ast-content-background-meta":{"desktop":{"background-color":"var(--ast-global-color-5)","background-image":"","background-repeat":"repeat","background-position":"center center","background-size":"auto","background-attachment":"scroll","background-type":"","background-media":"","overlay-type":"","overlay-color":"","overlay-opacity":"","overlay-gradient":""},"tablet":{"background-color":"var(--ast-global-color-5)","background-image":"","background-repeat":"repeat","background-position":"center center","background-size":"auto","background-attachment":"scroll","background-type":"","background-media":"","overlay-type":"","overlay-color":"","overlay-opacity":"","overlay-gradient":""},"mobile":{"background-color":"var(--ast-global-color-5)","background-image":"","background-repeat":"repeat","background-position":"center center","background-size":"auto","background-attachment":"scroll","background-type":"","background-media":"","overlay-type":"","overlay-color":"","overlay-opacity":"","overlay-gradient":""}}},"product_brand":[],"product_cat":[80],"product_tag":[],"class_list":{"0":"post-3335","1":"product","2":"type-product","3":"status-publish","4":"has-post-thumbnail","6":"product_cat-medellin-compartidos","7":"desktop-align-left","8":"tablet-align-left","9":"mobile-align-left","11":"first","12":"instock","13":"shipping-taxable","14":"purchasable","15":"product-type-simple"},"uagb_featured_image_src":{"full":["https:\/\/rutasmedellin.com\/wp-content\/uploads\/2025\/03\/corazon_leon-1.jpeg",1363,840,false],"thumbnail":["https:\/\/rutasmedellin.com\/wp-content\/uploads\/2025\/03\/corazon_leon-1-150x150.jpeg",150,150,true],"medium":["https:\/\/rutasmedellin.com\/wp-content\/uploads\/2025\/03\/corazon_leon-1-300x185.jpeg",300,185,true],"medium_large":["https:\/\/rutasmedellin.com\/wp-content\/uploads\/2025\/03\/corazon_leon-1-768x473.jpeg",768,473,true],"large":["https:\/\/rutasmedellin.com\/wp-content\/uploads\/2025\/03\/corazon_leon-1-1024x631.jpeg",1024,631,true],"1536x1536":["https:\/\/rutasmedellin.com\/wp-content\/uploads\/2025\/03\/corazon_leon-1.jpeg",1363,840,false],"2048x2048":["https:\/\/rutasmedellin.com\/wp-content\/uploads\/2025\/03\/corazon_leon-1.jpeg",1363,840,false],"woocommerce_thumbnail":["https:\/\/rutasmedellin.com\/wp-content\/uploads\/2025\/03\/corazon_leon-1-300x300.jpeg",300,300,true],"woocommerce_single":["https:\/\/rutasmedellin.com\/wp-content\/uploads\/2025\/03\/corazon_leon-1-600x370.jpeg",600,370,true],"woocommerce_gallery_thumbnail":["https:\/\/rutasmedellin.com\/wp-content\/uploads\/2025\/03\/corazon_leon-1-100x100.jpeg",100,100,true]},"uagb_author_info":{"display_name":"Miguel Montoya","author_link":"https:\/\/rutasmedellin.com\/en\/author\/"},"uagb_comment_info":0,"uagb_excerpt":"Disfruta de un tour por la historia del caf\u00e9 colombiano, El tour Hacienda Cafetera inicia recorriendo plantaciones, participando en la recolecci\u00f3n y aprendiendo sobre el proceso de transformaci\u00f3n del grano.","_links":{"self":[{"href":"https:\/\/rutasmedellin.com\/en\/wp-json\/wp\/v2\/product\/3335","targetHints":{"allow":["GET"]}}],"collection":[{"href":"https:\/\/rutasmedellin.com\/en\/wp-json\/wp\/v2\/product"}],"about":[{"href":"https:\/\/rutasmedellin.com\/en\/wp-json\/wp\/v2\/types\/product"}],"replies":[{"embeddable":true,"href":"https:\/\/rutasmedellin.com\/en\/wp-json\/wp\/v2\/comments?post=3335"}],"wp:featuredmedia":[{"embeddable":true,"href":"https:\/\/rutasmedellin.com\/en\/wp-json\/wp\/v2\/media\/3352"}],"wp:attachment":[{"href":"https:\/\/rutasmedellin.com\/en\/wp-json\/wp\/v2\/media?parent=3335"}],"wp:term":[{"taxonomy":"product_brand","embeddable":true,"href":"https:\/\/rutasmedellin.com\/en\/wp-json\/wp\/v2\/product_brand?post=3335"},{"taxonomy":"product_cat","embeddable":true,"href":"https:\/\/rutasmedellin.com\/en\/wp-json\/wp\/v2\/product_cat?post=3335"},{"taxonomy":"product_tag","embeddable":true,"href":"https:\/\/rutasmedellin.com\/en\/wp-json\/wp\/v2\/product_tag?post=3335"}],"curies":[{"name":"wp","href":"https:\/\/api.w.org\/{rel}","templated":true}]}}